{"id":2908,"date":"2024-11-13T16:05:50","date_gmt":"2024-11-13T22:05:50","guid":{"rendered":"https:\/\/www.feedthechildren.org\/?page_id=2908"},"modified":"2025-08-25T12:47:23","modified_gmt":"2025-08-25T17:47:23","slug":"emily-callahan","status":"publish","type":"page","link":"https:\/\/www.feedthechildren.org\/es\/about\/leadership\/emily-callahan\/","title":{"rendered":"Emily Callahan"},"content":{"rendered":"<style>.kadence-column2908_a5bae1-6c > .kt-inside-inner-col{display:flex;}.kadence-column2908_a5bae1-6c > .kt-inside-inner-col{padding-right:var(--global-kb-spacing-xs, 1rem);padding-bottom:var(--global-kb-spacing-lg, 3rem);padding-left:var(--global-kb-spacing-xs, 1rem);}.kadence-column2908_a5bae1-6c > .kt-inside-inner-col,.kadence-column2908_a5bae1-6c > .kt-inside-inner-col:before{border-top-left-radius:0px;border-top-right-radius:0px;border-bottom-right-radius:0px;border-bottom-left-radius:0px;}.kadence-column2908_a5bae1-6c > .kt-inside-inner-col{column-gap:var(--global-kb-gap-none, 0rem );}.kadence-column2908_a5bae1-6c > .kt-inside-inner-col{flex-direction:row;flex-wrap:wrap;align-items:flex-start;justify-content:center;}.kadence-column2908_a5bae1-6c > .kt-inside-inner-col > *, .kadence-column2908_a5bae1-6c > .kt-inside-inner-col > figure.wp-block-image, .kadence-column2908_a5bae1-6c > .kt-inside-inner-col > figure.wp-block-kadence-image{margin-top:0px;margin-bottom:0px;}.kadence-column2908_a5bae1-6c > .kt-inside-inner-col > .kb-image-is-ratio-size{flex-grow:1;}.kt-row-column-wrap > .kadence-column2908_a5bae1-6c{align-self:flex-start;}.kt-inner-column-height-full:not(.kt-has-1-columns) > .wp-block-kadence-column.kadence-column2908_a5bae1-6c{align-self:auto;}.kt-inner-column-height-full:not(.kt-has-1-columns) > .wp-block-kadence-column.kadence-column2908_a5bae1-6c > .kt-inside-inner-col{align-items:flex-start;}.kadence-column2908_a5bae1-6c > .kt-inside-inner-col:before{opacity:0.3;}.kadence-column2908_a5bae1-6c{position:relative;}.kadence-column2908_a5bae1-6c, .kt-inside-inner-col > .kadence-column2908_a5bae1-6c:not(.specificity){margin-right:var(--global-kb-spacing-auto, auto);margin-left:var(--global-kb-spacing-auto, auto);}@media all and (max-width: 1024px){.kadence-column2908_a5bae1-6c > .kt-inside-inner-col{padding-bottom:var(--global-kb-spacing-md, 2rem);flex-direction:row;flex-wrap:wrap;align-items:flex-start;justify-content:center;}}@media all and (max-width: 1024px){.kt-row-column-wrap > .kadence-column2908_a5bae1-6c{align-self:flex-start;}}@media all and (max-width: 1024px){.kt-inner-column-height-full:not(.kt-has-1-columns) > .wp-block-kadence-column.kadence-column2908_a5bae1-6c{align-self:auto;}}@media all and (max-width: 1024px){.kt-inner-column-height-full:not(.kt-has-1-columns) > .wp-block-kadence-column.kadence-column2908_a5bae1-6c > .kt-inside-inner-col{align-items:flex-start;}}@media all and (min-width: 768px) and (max-width: 1024px){.kadence-column2908_a5bae1-6c > .kt-inside-inner-col > *, .kadence-column2908_a5bae1-6c > .kt-inside-inner-col > figure.wp-block-image, .kadence-column2908_a5bae1-6c > .kt-inside-inner-col > figure.wp-block-kadence-image{margin-top:0px;margin-bottom:0px;}.kadence-column2908_a5bae1-6c > .kt-inside-inner-col > .kb-image-is-ratio-size{flex-grow:1;}}@media all and (max-width: 767px){.kt-row-column-wrap > .kadence-column2908_a5bae1-6c{align-self:flex-start;}.kt-inner-column-height-full:not(.kt-has-1-columns) > .wp-block-kadence-column.kadence-column2908_a5bae1-6c{align-self:auto;}.kt-inner-column-height-full:not(.kt-has-1-columns) > .wp-block-kadence-column.kadence-column2908_a5bae1-6c > .kt-inside-inner-col{flex-direction:column;justify-content:flex-start;}.kadence-column2908_a5bae1-6c > .kt-inside-inner-col{flex-direction:column;justify-content:flex-start;align-items:stretch;flex-wrap:nowrap;}.wp-block-kadence-column.kb-section-dir-horizontal.kadence-column2908_a5bae1-6c > .kt-inside-inner-col > .wp-block-kadence-infobox{align-self:unset;}}<\/style>\n<div class=\"wp-block-kadence-column kadence-column2908_a5bae1-6c kb-section-dir-horizontal kb-section-sm-dir-vertical\"><div class=\"kt-inside-inner-col\"><style>.wp-block-kadence-image.kb-image2908_425d6c-c1:not(.kb-specificity-added):not(.kb-extra-specificity-added){margin-right:var(--global-kb-spacing-auto, auto);margin-left:var(--global-kb-spacing-auto, auto);}.kb-image2908_425d6c-c1.kb-image-is-ratio-size, .kb-image2908_425d6c-c1 .kb-image-is-ratio-size{max-width:300px;width:100%;}.wp-block-kadence-column > .kt-inside-inner-col > .kb-image2908_425d6c-c1.kb-image-is-ratio-size, .wp-block-kadence-column > .kt-inside-inner-col > .kb-image2908_425d6c-c1 .kb-image-is-ratio-size{align-self:unset;}.kb-image2908_425d6c-c1{max-width:300px;}.image-is-svg.kb-image2908_425d6c-c1{-webkit-flex:0 1 100%;flex:0 1 100%;}.image-is-svg.kb-image2908_425d6c-c1 img{width:100%;}.kb-image2908_425d6c-c1:not(.kb-image-is-ratio-size) .kb-img, .kb-image2908_425d6c-c1.kb-image-is-ratio-size{padding-right:var(--global-kb-spacing-lg, 3rem);}.kb-image2908_425d6c-c1 .kb-image-has-overlay:after{opacity:0.3;}.kb-image2908_425d6c-c1 img.kb-img, .kb-image2908_425d6c-c1 .kb-img img{object-position:73% 13%;}@media all and (max-width: 767px){.wp-block-kadence-image.kb-image2908_425d6c-c1:not(.kb-specificity-added):not(.kb-extra-specificity-added){margin-bottom:var(--global-kb-spacing-xs, 1rem);}.kb-image2908_425d6c-c1.kb-image-is-ratio-size, .kb-image2908_425d6c-c1 .kb-image-is-ratio-size{max-width:220px;width:100%;}.kb-image2908_425d6c-c1{max-width:220px;}.kb-image2908_425d6c-c1:not(.kb-image-is-ratio-size) .kb-img, .kb-image2908_425d6c-c1.kb-image-is-ratio-size{padding-right:0px;}}<\/style>\n<figure class=\"wp-block-kadence-image kb-image2908_425d6c-c1\"><img loading=\"lazy\" decoding=\"async\" width=\"600\" height=\"900\" src=\"https:\/\/www.feedthechildren.org\/wp-content\/uploads\/2024\/11\/Emily-Callahan.png\" alt=\"Headshot of Emily Callahan, President and Chief Executive Officer for Feed the Children\" class=\"kb-img wp-image-2911\" srcset=\"https:\/\/www.feedthechildren.org\/wp-content\/uploads\/2024\/11\/Emily-Callahan.png 600w, https:\/\/www.feedthechildren.org\/wp-content\/uploads\/2024\/11\/Emily-Callahan-200x300.png 200w, https:\/\/www.feedthechildren.org\/wp-content\/uploads\/2024\/11\/Emily-Callahan-40x60.png 40w\" sizes=\"auto, (max-width: 600px) 100vw, 600px\" \/><\/figure>\n\n\n<style>.kadence-column2908_3be8f4-af > .kt-inside-inner-col{display:flex;}.kadence-column2908_3be8f4-af > .kt-inside-inner-col,.kadence-column2908_3be8f4-af > .kt-inside-inner-col:before{border-top-left-radius:0px;border-top-right-radius:0px;border-bottom-right-radius:0px;border-bottom-left-radius:0px;}.kadence-column2908_3be8f4-af > .kt-inside-inner-col{row-gap:var(--global-kb-gap-none, 0rem );column-gap:var(--global-kb-gap-sm, 1rem);}.kadence-column2908_3be8f4-af > .kt-inside-inner-col{flex-direction:column;}.kadence-column2908_3be8f4-af > .kt-inside-inner-col > .aligncenter{width:100%;}.kadence-column2908_3be8f4-af > .kt-inside-inner-col:before{opacity:0.3;}.kadence-column2908_3be8f4-af{position:relative;}@media all and (max-width: 1024px){.kadence-column2908_3be8f4-af > .kt-inside-inner-col{flex-direction:column;justify-content:center;}}@media all and (max-width: 767px){.kadence-column2908_3be8f4-af > .kt-inside-inner-col{flex-direction:column;justify-content:center;}}<\/style>\n<div class=\"wp-block-kadence-column kadence-column2908_3be8f4-af\"><div class=\"kt-inside-inner-col\"><style>.wp-block-kadence-advancedheading.kt-adv-heading2908_ace78b-9d, .wp-block-kadence-advancedheading.kt-adv-heading2908_ace78b-9d[data-kb-block=\"kb-adv-heading2908_ace78b-9d\"]{margin-bottom:var(--global-kb-spacing-xs, 1rem);text-align:left;font-size:var(--global-kb-font-size-lg, 2rem);line-height:1.2em;font-weight:600;font-style:normal;}.wp-block-kadence-advancedheading.kt-adv-heading2908_ace78b-9d mark.kt-highlight, .wp-block-kadence-advancedheading.kt-adv-heading2908_ace78b-9d[data-kb-block=\"kb-adv-heading2908_ace78b-9d\"] mark.kt-highlight{font-size:26px;font-weight:500;font-style:normal;color:var(--global-palette3, #1A202C);-webkit-box-decoration-break:clone;box-decoration-break:clone;padding-top:0px;padding-right:0px;padding-bottom:0px;padding-left:0px;}.wp-block-kadence-advancedheading.kt-adv-heading2908_ace78b-9d img.kb-inline-image, .wp-block-kadence-advancedheading.kt-adv-heading2908_ace78b-9d[data-kb-block=\"kb-adv-heading2908_ace78b-9d\"] img.kb-inline-image{width:150px;vertical-align:baseline;}@media all and (max-width: 1024px){.wp-block-kadence-advancedheading.kt-adv-heading2908_ace78b-9d, .wp-block-kadence-advancedheading.kt-adv-heading2908_ace78b-9d[data-kb-block=\"kb-adv-heading2908_ace78b-9d\"]{text-align:left!important;}}@media all and (max-width: 767px){.wp-block-kadence-advancedheading.kt-adv-heading2908_ace78b-9d, .wp-block-kadence-advancedheading.kt-adv-heading2908_ace78b-9d[data-kb-block=\"kb-adv-heading2908_ace78b-9d\"]{padding-bottom:var(--global-kb-spacing-sm, 1.5rem);font-size:32px;text-align:center!important;}.wp-block-kadence-advancedheading.kt-adv-heading2908_ace78b-9d mark.kt-highlight, .wp-block-kadence-advancedheading.kt-adv-heading2908_ace78b-9d[data-kb-block=\"kb-adv-heading2908_ace78b-9d\"] mark.kt-highlight{padding-top:var(--global-kb-spacing-xs, 1rem);font-size:22px;line-height:12px;}}<\/style>\n<h1 class=\"kt-adv-heading2908_ace78b-9d wp-block-kadence-advancedheading\" data-kb-block=\"kb-adv-heading2908_ace78b-9d\">Emily Callahan<br><mark class=\"kt-highlight\">President and CEO of Feed the Children<\/mark><\/h1>\n\n\n\n<p>In January 2025, Emily Callahan became the President and CEO of Feed the Children where she leads the global anti-hunger organization in helping improve food access and security for children and families around the world. Prior to joining Feed the Children, Emily was the first chief marketing officer for ALSAC, the fundraising and awareness organization for St. Jude Children\u2019s Research Hospital. There she helped grow revenues from $600M to more than $2.5B in 50+ consecutive quarters of growth and led St. Jude Children\u2019s Research Hospital to becoming the Most Trusted brand of any brand in America per Morning Consult.<br><\/p>\n\n\n\n<p>She was previously SVP of Global Marketing &amp; Networks at Susan G. Komen, where she helped double revenue and led 124+ independently incorporated affiliates through a total rebranding and global expansion. She began her career at Edelman. Emily is known as a global movement builder, empowering people and partners everywhere to raise billions to save millions of lives. She has led key transformation roles for national nonprofits \u2013 Susan G. Komen and ALSAC\/St. Jude Children\u2019s Research Hospital and brings a passion and commitment to empower teams to operate with excellence, trust and accountability. In addition to her deep experience driving financial growth, she cares deeply about building strong relationships with stakeholders across the communities she serves. She has served as vice chair for ANA (the Association of National Advertisers), vice chair for the Alliance for Inclusive and Multicultural Marketing and is a founder and chair of The Memphis Brand, one of the nation\u2019s only place-based branding initiatives.<br><\/p>\n\n\n\n<p>She is a gifted strategist, excelling in driving revenue, building iconic brands, developing alliances with Fortune 500 giants, managing P&amp;Ls, navigating complexity, building world class teams and driving thriving cultures through deep relationships. Emily has been recognized for the CMO Club\u2019s CMO Officers Award, PR Week\u2019s Hall of Femme, and the Dallas and Memphis Business Journals\u2019 40 Under 40 lists for her impactful work.<br><\/p>\n\n\n\n<p>She is a proud, native Oklahoman.<br><\/p>\n<\/div><\/div>\n<\/div><\/div>\n","protected":false},"excerpt":{"rendered":"<p>Emily CallahanPresidenta y Consejera Delegada de Feed the Children En enero de 2025, Emily Callahan se convirti\u00f3 en Presidenta y Consejera Delegada de Feed the Children, donde dirige la organizaci\u00f3n mundial contra el hambre para ayudar a mejorar el acceso y la seguridad alimentaria de ni\u00f1os y familias de todo el mundo. Antes de incorporarse a Feed the Children, Emily fue la primera directora de marketing...<\/p>","protected":false},"author":2,"featured_media":2911,"parent":149,"menu_order":0,"comment_status":"closed","ping_status":"closed","template":"","meta":{"_acf_changed":false,"content-type":"","_kad_blocks_custom_css":"","_kad_blocks_head_custom_js":"","_kad_blocks_body_custom_js":"","_kad_blocks_footer_custom_js":"","_kad_post_transparent":"disable","_kad_post_title":"hide","_kad_post_layout":"","_kad_post_sidebar_id":"","_kad_post_content_style":"","_kad_post_vertical_padding":"","_kad_post_feature":"","_kad_post_feature_position":"","_kad_post_header":false,"_kad_post_footer":false,"footnotes":""},"categories":[66],"tags":[],"folder":[29],"class_list":["post-2908","page","type-page","status-publish","has-post-thumbnail","hentry","category-about"],"acf":[],"yoast_head":"<!-- This site is optimized with the Yoast SEO Premium plugin v27.4 (Yoast SEO v27.4) - https:\/\/yoast.com\/product\/yoast-seo-premium-wordpress\/ -->\n<title>Emily Callahan | Feed the Children<\/title>\n<meta name=\"robots\" content=\"index, follow, max-snippet:-1, max-image-preview:large, max-video-preview:-1\" \/>\n<link rel=\"canonical\" href=\"https:\/\/www.feedthechildren.org\/es\/about\/leadership\/emily-callahan\/\" \/>\n<meta property=\"og:locale\" content=\"es_MX\" \/>\n<meta property=\"og:type\" content=\"article\" \/>\n<meta property=\"og:title\" content=\"Emily Callahan | Feed the Children\" \/>\n<meta property=\"og:description\" content=\"Emily CallahanPresident and CEO of Feed the Children In January 2025, Emily Callahan became the President and CEO of Feed the Children where she leads the global anti-hunger organization in helping improve food access and security for children and families around the world. Prior to joining Feed the Children, Emily was the first chief marketing...\" \/>\n<meta property=\"og:url\" content=\"https:\/\/www.feedthechildren.org\/es\/about\/leadership\/emily-callahan\/\" \/>\n<meta property=\"og:site_name\" content=\"Feed the Children\" \/>\n<meta property=\"article:publisher\" content=\"https:\/\/www.facebook.com\/feedthechildren\" \/>\n<meta property=\"article:modified_time\" content=\"2025-08-25T17:47:23+00:00\" \/>\n<meta property=\"og:image\" content=\"https:\/\/www.feedthechildren.org\/wp-content\/uploads\/2024\/11\/Emily-Callahan.png\" \/>\n\t<meta property=\"og:image:width\" content=\"600\" \/>\n\t<meta property=\"og:image:height\" content=\"900\" \/>\n\t<meta property=\"og:image:type\" content=\"image\/png\" \/>\n<meta name=\"twitter:card\" content=\"summary_large_image\" \/>\n<meta name=\"twitter:site\" content=\"@feedthechildren\" \/>\n<meta name=\"twitter:label1\" content=\"Est. reading time\" \/>\n\t<meta name=\"twitter:data1\" content=\"2 minutos\" \/>\n<script type=\"application\/ld+json\" class=\"yoast-schema-graph\">{\"@context\":\"https:\\\/\\\/schema.org\",\"@graph\":[{\"@type\":\"WebPage\",\"@id\":\"https:\\\/\\\/www.feedthechildren.org\\\/about\\\/leadership\\\/emily-callahan\\\/\",\"url\":\"https:\\\/\\\/www.feedthechildren.org\\\/about\\\/leadership\\\/emily-callahan\\\/\",\"name\":\"Emily Callahan | Feed the Children\",\"isPartOf\":{\"@id\":\"https:\\\/\\\/www.feedthechildren.org\\\/#website\"},\"primaryImageOfPage\":{\"@id\":\"https:\\\/\\\/www.feedthechildren.org\\\/about\\\/leadership\\\/emily-callahan\\\/#primaryimage\"},\"image\":{\"@id\":\"https:\\\/\\\/www.feedthechildren.org\\\/about\\\/leadership\\\/emily-callahan\\\/#primaryimage\"},\"thumbnailUrl\":\"https:\\\/\\\/www.feedthechildren.org\\\/wp-content\\\/uploads\\\/2024\\\/11\\\/Emily-Callahan.png\",\"datePublished\":\"2024-11-13T22:05:50+00:00\",\"dateModified\":\"2025-08-25T17:47:23+00:00\",\"breadcrumb\":{\"@id\":\"https:\\\/\\\/www.feedthechildren.org\\\/about\\\/leadership\\\/emily-callahan\\\/#breadcrumb\"},\"inLanguage\":\"es\",\"potentialAction\":[{\"@type\":\"ReadAction\",\"target\":[\"https:\\\/\\\/www.feedthechildren.org\\\/about\\\/leadership\\\/emily-callahan\\\/\"]}]},{\"@type\":\"ImageObject\",\"inLanguage\":\"es\",\"@id\":\"https:\\\/\\\/www.feedthechildren.org\\\/about\\\/leadership\\\/emily-callahan\\\/#primaryimage\",\"url\":\"https:\\\/\\\/www.feedthechildren.org\\\/wp-content\\\/uploads\\\/2024\\\/11\\\/Emily-Callahan.png\",\"contentUrl\":\"https:\\\/\\\/www.feedthechildren.org\\\/wp-content\\\/uploads\\\/2024\\\/11\\\/Emily-Callahan.png\",\"width\":600,\"height\":900,\"caption\":\"Headshot of Emily Callahan, President and Chief Executive Officer for Feed the Children\"},{\"@type\":\"BreadcrumbList\",\"@id\":\"https:\\\/\\\/www.feedthechildren.org\\\/about\\\/leadership\\\/emily-callahan\\\/#breadcrumb\",\"itemListElement\":[{\"@type\":\"ListItem\",\"position\":1,\"name\":\"Home\",\"item\":\"https:\\\/\\\/www.feedthechildren.org\\\/\"},{\"@type\":\"ListItem\",\"position\":2,\"name\":\"About Us\",\"item\":\"https:\\\/\\\/www.feedthechildren.org\\\/about\\\/\"},{\"@type\":\"ListItem\",\"position\":3,\"name\":\"Leadership\",\"item\":\"https:\\\/\\\/www.feedthechildren.org\\\/about\\\/leadership\\\/\"},{\"@type\":\"ListItem\",\"position\":4,\"name\":\"Emily Callahan\"}]},{\"@type\":\"WebSite\",\"@id\":\"https:\\\/\\\/www.feedthechildren.org\\\/#website\",\"url\":\"https:\\\/\\\/www.feedthechildren.org\\\/\",\"name\":\"Official Site: Feed the Children\",\"description\":\"Help Fight Childhood Hunger\",\"publisher\":{\"@id\":\"https:\\\/\\\/www.feedthechildren.org\\\/#organization\"},\"potentialAction\":[{\"@type\":\"SearchAction\",\"target\":{\"@type\":\"EntryPoint\",\"urlTemplate\":\"https:\\\/\\\/www.feedthechildren.org\\\/?s={search_term_string}\"},\"query-input\":{\"@type\":\"PropertyValueSpecification\",\"valueRequired\":true,\"valueName\":\"search_term_string\"}}],\"inLanguage\":\"es\"},{\"@type\":\"Organization\",\"@id\":\"https:\\\/\\\/www.feedthechildren.org\\\/#organization\",\"name\":\"Feed the Children\",\"url\":\"https:\\\/\\\/www.feedthechildren.org\\\/\",\"logo\":{\"@type\":\"ImageObject\",\"inLanguage\":\"es\",\"@id\":\"https:\\\/\\\/www.feedthechildren.org\\\/#\\\/schema\\\/logo\\\/image\\\/\",\"url\":\"https:\\\/\\\/www.feedthechildren.org\\\/wp-content\\\/uploads\\\/2024\\\/03\\\/feed-the-children-logo-square-padding.png\",\"contentUrl\":\"https:\\\/\\\/www.feedthechildren.org\\\/wp-content\\\/uploads\\\/2024\\\/03\\\/feed-the-children-logo-square-padding.png\",\"width\":1240,\"height\":1240,\"caption\":\"Feed the Children\"},\"image\":{\"@id\":\"https:\\\/\\\/www.feedthechildren.org\\\/#\\\/schema\\\/logo\\\/image\\\/\"},\"sameAs\":[\"https:\\\/\\\/www.facebook.com\\\/feedthechildren\",\"https:\\\/\\\/x.com\\\/feedthechildren\",\"https:\\\/\\\/youtube.com\\\/FeedTheChildrenOrg\",\"https:\\\/\\\/www.linkedin.com\\\/company\\\/feed-the-children\"],\"description\":\"Established in 1979, Feed the Children exists to defeat childhood hunger. We are one of the largest U.S.-based charities, serving those in need in the U.S. and internationally by providing food, life essentials, educational initiatives, and disaster response.\",\"email\":\"info@feedthechildren.org\",\"telephone\":\"1-800-627-4556\",\"legalName\":\"Feed the Children\",\"foundingDate\":\"1979-01-01\",\"taxID\":\"73-6108657\"}]}<\/script>\n<!-- \/ Yoast SEO Premium plugin. -->","yoast_head_json":{"title":"Emily Callahan | Feed the Children","robots":{"index":"index","follow":"follow","max-snippet":"max-snippet:-1","max-image-preview":"max-image-preview:large","max-video-preview":"max-video-preview:-1"},"canonical":"https:\/\/www.feedthechildren.org\/es\/about\/leadership\/emily-callahan\/","og_locale":"es_MX","og_type":"article","og_title":"Emily Callahan | Feed the Children","og_description":"Emily CallahanPresident and CEO of Feed the Children In January 2025, Emily Callahan became the President and CEO of Feed the Children where she leads the global anti-hunger organization in helping improve food access and security for children and families around the world. Prior to joining Feed the Children, Emily was the first chief marketing...","og_url":"https:\/\/www.feedthechildren.org\/es\/about\/leadership\/emily-callahan\/","og_site_name":"Feed the Children","article_publisher":"https:\/\/www.facebook.com\/feedthechildren","article_modified_time":"2025-08-25T17:47:23+00:00","og_image":[{"width":600,"height":900,"url":"https:\/\/www.feedthechildren.org\/wp-content\/uploads\/2024\/11\/Emily-Callahan.png","type":"image\/png"}],"twitter_card":"summary_large_image","twitter_site":"@feedthechildren","twitter_misc":{"Est. reading time":"2 minutos"},"schema":{"@context":"https:\/\/schema.org","@graph":[{"@type":"WebPage","@id":"https:\/\/www.feedthechildren.org\/about\/leadership\/emily-callahan\/","url":"https:\/\/www.feedthechildren.org\/about\/leadership\/emily-callahan\/","name":"Emily Callahan | Feed the Children","isPartOf":{"@id":"https:\/\/www.feedthechildren.org\/#website"},"primaryImageOfPage":{"@id":"https:\/\/www.feedthechildren.org\/about\/leadership\/emily-callahan\/#primaryimage"},"image":{"@id":"https:\/\/www.feedthechildren.org\/about\/leadership\/emily-callahan\/#primaryimage"},"thumbnailUrl":"https:\/\/www.feedthechildren.org\/wp-content\/uploads\/2024\/11\/Emily-Callahan.png","datePublished":"2024-11-13T22:05:50+00:00","dateModified":"2025-08-25T17:47:23+00:00","breadcrumb":{"@id":"https:\/\/www.feedthechildren.org\/about\/leadership\/emily-callahan\/#breadcrumb"},"inLanguage":"es","potentialAction":[{"@type":"ReadAction","target":["https:\/\/www.feedthechildren.org\/about\/leadership\/emily-callahan\/"]}]},{"@type":"ImageObject","inLanguage":"es","@id":"https:\/\/www.feedthechildren.org\/about\/leadership\/emily-callahan\/#primaryimage","url":"https:\/\/www.feedthechildren.org\/wp-content\/uploads\/2024\/11\/Emily-Callahan.png","contentUrl":"https:\/\/www.feedthechildren.org\/wp-content\/uploads\/2024\/11\/Emily-Callahan.png","width":600,"height":900,"caption":"Headshot of Emily Callahan, President and Chief Executive Officer for Feed the Children"},{"@type":"BreadcrumbList","@id":"https:\/\/www.feedthechildren.org\/about\/leadership\/emily-callahan\/#breadcrumb","itemListElement":[{"@type":"ListItem","position":1,"name":"Home","item":"https:\/\/www.feedthechildren.org\/"},{"@type":"ListItem","position":2,"name":"About Us","item":"https:\/\/www.feedthechildren.org\/about\/"},{"@type":"ListItem","position":3,"name":"Leadership","item":"https:\/\/www.feedthechildren.org\/about\/leadership\/"},{"@type":"ListItem","position":4,"name":"Emily Callahan"}]},{"@type":"WebSite","@id":"https:\/\/www.feedthechildren.org\/#website","url":"https:\/\/www.feedthechildren.org\/","name":"Sitio oficial: Alimentar a los ni\u00f1os","description":"Ayude a combatir el hambre infantil","publisher":{"@id":"https:\/\/www.feedthechildren.org\/#organization"},"potentialAction":[{"@type":"SearchAction","target":{"@type":"EntryPoint","urlTemplate":"https:\/\/www.feedthechildren.org\/?s={search_term_string}"},"query-input":{"@type":"PropertyValueSpecification","valueRequired":true,"valueName":"search_term_string"}}],"inLanguage":"es"},{"@type":"Organization","@id":"https:\/\/www.feedthechildren.org\/#organization","name":"Alimentar a los ni\u00f1os","url":"https:\/\/www.feedthechildren.org\/","logo":{"@type":"ImageObject","inLanguage":"es","@id":"https:\/\/www.feedthechildren.org\/#\/schema\/logo\/image\/","url":"https:\/\/www.feedthechildren.org\/wp-content\/uploads\/2024\/03\/feed-the-children-logo-square-padding.png","contentUrl":"https:\/\/www.feedthechildren.org\/wp-content\/uploads\/2024\/03\/feed-the-children-logo-square-padding.png","width":1240,"height":1240,"caption":"Feed the Children"},"image":{"@id":"https:\/\/www.feedthechildren.org\/#\/schema\/logo\/image\/"},"sameAs":["https:\/\/www.facebook.com\/feedthechildren","https:\/\/x.com\/feedthechildren","https:\/\/youtube.com\/FeedTheChildrenOrg","https:\/\/www.linkedin.com\/company\/feed-the-children"],"description":"Fundada en 1979, Feed the Children lucha contra el hambre infantil. Somos una de las mayores organizaciones ben\u00e9ficas de EE.UU., y atendemos a los necesitados en EE.UU. e internacionalmente proporcion\u00e1ndoles alimentos, art\u00edculos de primera necesidad, iniciativas educativas y respuesta a cat\u00e1strofes.","email":"info@feedthechildren.org","telephone":"1-800-627-4556","legalName":"Feed the Children","foundingDate":"1979-01-01","taxID":"73-6108657"}]}},"taxonomy_info":{"category":[{"value":66,"label":"About Us"}]},"featured_image_src_large":["https:\/\/www.feedthechildren.org\/wp-content\/uploads\/2024\/11\/Emily-Callahan.png",600,900,false],"author_info":{"display_name":"Benton Demeter","author_link":"https:\/\/www.feedthechildren.org\/es\/author\/benton-demeterfeedthechildren-org\/"},"comment_info":0,"publishpress_future_action":{"enabled":false,"date":"2026-04-30 06:45:38","action":"change-status","newStatus":"draft","terms":[],"taxonomy":"category","extraData":[]},"publishpress_future_workflow_manual_trigger":{"enabledWorkflows":[]},"_links":{"self":[{"href":"https:\/\/www.feedthechildren.org\/es\/wp-json\/wp\/v2\/pages\/2908","targetHints":{"allow":["GET"]}}],"collection":[{"href":"https:\/\/www.feedthechildren.org\/es\/wp-json\/wp\/v2\/pages"}],"about":[{"href":"https:\/\/www.feedthechildren.org\/es\/wp-json\/wp\/v2\/types\/page"}],"author":[{"embeddable":true,"href":"https:\/\/www.feedthechildren.org\/es\/wp-json\/wp\/v2\/users\/2"}],"replies":[{"embeddable":true,"href":"https:\/\/www.feedthechildren.org\/es\/wp-json\/wp\/v2\/comments?post=2908"}],"version-history":[{"count":0,"href":"https:\/\/www.feedthechildren.org\/es\/wp-json\/wp\/v2\/pages\/2908\/revisions"}],"up":[{"embeddable":true,"href":"https:\/\/www.feedthechildren.org\/es\/wp-json\/wp\/v2\/pages\/149"}],"wp:featuredmedia":[{"embeddable":true,"href":"https:\/\/www.feedthechildren.org\/es\/wp-json\/wp\/v2\/media\/2911"}],"wp:attachment":[{"href":"https:\/\/www.feedthechildren.org\/es\/wp-json\/wp\/v2\/media?parent=2908"}],"wp:term":[{"taxonomy":"category","embeddable":true,"href":"https:\/\/www.feedthechildren.org\/es\/wp-json\/wp\/v2\/categories?post=2908"},{"taxonomy":"post_tag","embeddable":true,"href":"https:\/\/www.feedthechildren.org\/es\/wp-json\/wp\/v2\/tags?post=2908"},{"taxonomy":"folder","embeddable":true,"href":"https:\/\/www.feedthechildren.org\/es\/wp-json\/wp\/v2\/folder?post=2908"}],"curies":[{"name":"wp","href":"https:\/\/api.w.org\/{rel}","templated":true}]}}